{"id":306,"date":"2023-12-21T17:23:45","date_gmt":"2023-12-21T17:23:45","guid":{"rendered":"https:\/\/vocalvircan.com\/?page_id=306"},"modified":"2024-02-06T22:33:28","modified_gmt":"2024-02-06T22:33:28","slug":"bodegas-y-enoturismo","status":"publish","type":"page","link":"https:\/\/vocalvircan.com\/index.php\/bodegas-y-enoturismo\/","title":{"rendered":"BODEGAS Y ENOTURISMO"},"content":{"rendered":"\t\t<div data-elementor-type=\"wp-post\" data-elementor-id=\"306\" class=\"elementor elementor-306\">\n\t\t\t\t<div class=\"elementor-element elementor-element-8814fc9 e-flex e-con-boxed e-con e-parent\" data-id=\"8814fc9\" data-element_type=\"container\">\n\t\t\t\t\t<div class=\"e-con-inner\">\n\t\t\t\t<div class=\"elementor-element elementor-element-74f40f8 elementor-widget elementor-widget-text-editor\" data-id=\"74f40f8\" data-element_type=\"widget\" data-widget_type=\"text-editor.default\">\n\t\t\t\t<div class=\"elementor-widget-container\">\n\t\t\t\t\t\t\t\t\t<h1>Vocal Vircan \u2013 Enoturismo<\/h1><p>Nuestra m\u00fasica hace que un concierto de Vocal Vircan (con distintos formatos) sea un complemento ideal para una experiencia de enoturismo, aportando un toque de <b>distinci\u00f3n y singularidad<\/b>.<\/p><p>Puesto que no tenemos ning\u00fan requerimiento esc\u00e9nico ni, a priori, necesitamos equipo t\u00e9cnico de sonido ya que cantamos &#8216;a capella&#8217;, podemos adaptar nuestro concierto a cualquier evento o actividad, en lugares diversos. Por eso Vocal Vircan puede f\u00e1cilmente formar parte de su oferta de experiencias de enoturismo o similar.<\/p><p>Adem\u00e1s, y dentro de la tradici\u00f3n georgiana, Vocal Vircan ofrece la popular experiencia del &#8216;supra&#8217;: un antiguo ritual ancestral donde el brindis con vino es el protagonista y adquiere una dimensi\u00f3n profunda y entra\u00f1able.<\/p><p><strong style=\"font-size: 2rem; text-align: center; font-family: var( --e-global-typography-text-font-family ), Sans-serif;\">Formatos<\/strong><\/p><p>Vocal Vircan canta un gran n\u00famero de canciones del extenso repertorio georgiano, siendo una experiencia musical muy rica y diversa. Adem\u00e1s, en algunas canciones utilizamos instrumentos de cuerda tradicionales de Georgia (panduri y chonguri), guitarra, piano y percusi\u00f3n tradicional.<\/p><p>La oferta de nuestra experiencia musical, puede variar entre:<\/p><p>Muestra\u00a0 (10 minutos)\u00a0 \u00a0\/\u00a0 \u00a0<span style=\"font-family: var( --e-global-typography-text-font-family ), Sans-serif; font-weight: var( --e-global-typography-text-font-weight ); text-align: var(--text-align); font-size: 1.125rem;\">Concierto de peque\u00f1a duraci\u00f3n (30 minutos)\u00a0 \/\u00a0 \u00a0<\/span><span style=\"font-family: var( --e-global-typography-text-font-family ), Sans-serif; font-weight: var( --e-global-typography-text-font-weight ); text-align: var(--text-align); font-size: 1.125rem;\">Concierto (1 hora)<\/span><\/p><p><span style=\"font-weight: 400;\">\u00a0<\/span><span style=\"font-family: var( --e-global-typography-text-font-family ), Sans-serif; font-weight: var( --e-global-typography-text-font-weight ); text-align: var(--text-align); font-size: 1.125rem;\">Estos formatos son adaptables, si es necesario.\u00a0<\/span><span style=\"font-family: var( --e-global-typography-text-font-family ), Sans-serif; text-align: var(--text-align); font-size: 1.125rem;\">Tambi\u00e9n po<\/span><span style=\"font-family: var( --e-global-typography-text-font-family ), Sans-serif; font-weight: var( --e-global-typography-text-font-weight ); text-align: var(--text-align); font-size: 1.125rem;\">demos a\u00f1adir el ritual del &#8220;supra&#8221; a la experiencia, de acuerdo a lo motivos del evento.\u00a0\u00a0<\/span><\/p><p><span style=\"font-family: var( --e-global-typography-text-font-family ), Sans-serif; font-weight: var( --e-global-typography-text-font-weight ); text-align: var(--text-align); font-size: 1.125rem;\">Cons\u00faltenos p<\/span><span style=\"font-family: var( --e-global-typography-text-font-family ), Sans-serif; font-weight: var( --e-global-typography-text-font-weight ); text-align: var(--text-align); font-size: 1.125rem;\">ara m\u00e1s detalles sobre cachet y condiciones.<\/span><\/p><p><strong>Contacto:\u00a0 \u00a0 \u00a0 <span \n                data-original-string='eobZfnNs2ULx\/VPqktSQ4A==ec7ypNUnvtJBAWhJ40kl3rKe30wvjVR67GBD5nDv4ZFKEU='\n                class='apbct-email-encoder'\n                title='This contact has been encoded by Anti-Spam by CleanTalk. Click to decode. To finish the decoding make sure that JavaScript is enabled in your browser.'>vo<span class=\"apbct-blur\">*********<\/span>@<span class=\"apbct-blur\">***<\/span>il.com<\/span>\u00a0 \u00a0 \u00a0 \u00a0 \u00a0\u00a0<\/strong><strong style=\"font-family: var( --e-global-typography-text-font-family ), Sans-serif; text-align: var(--text-align); font-size: 1.125rem;\">Jordi Vallesp\u00ed\u00a0 \u00a0659914220<\/strong><\/p>\t\t\t\t\t\t\t\t<\/div>\n\t\t\t\t<\/div>\n\t\t\t\t\t<\/div>\n\t\t\t\t<\/div>\n\t\t<div class=\"elementor-element elementor-element-1c8450d e-con-full e-flex e-con e-parent\" data-id=\"1c8450d\" data-element_type=\"container\">\n\t\t\t\t<div class=\"elementor-element elementor-element-72c4a0b elementor-arrows-position-inside elementor-pagination-position-outside elementor-invisible elementor-widget elementor-widget-image-carousel\" data-id=\"72c4a0b\" data-element_type=\"widget\" data-settings=\"{&quot;slides_to_show&quot;:&quot;1&quot;,&quot;_animation&quot;:&quot;fadeIn&quot;,&quot;navigation&quot;:&quot;both&quot;,&quot;autoplay&quot;:&quot;yes&quot;,&quot;pause_on_hover&quot;:&quot;yes&quot;,&quot;pause_on_interaction&quot;:&quot;yes&quot;,&quot;autoplay_speed&quot;:5000,&quot;infinite&quot;:&quot;yes&quot;,&quot;effect&quot;:&quot;slide&quot;,&quot;speed&quot;:500}\" data-widget_type=\"image-carousel.default\">\n\t\t\t\t<div class=\"elementor-widget-container\">\n\t\t\t\t\t\t\t<div class=\"elementor-image-carousel-wrapper swiper\" role=\"region\" aria-roledescription=\"carousel\" aria-label=\"Carrusel de im\u00e1genes\" dir=\"ltr\">\n\t\t\t<div class=\"elementor-image-carousel swiper-wrapper\" aria-live=\"off\">\n\t\t\t\t\t\t\t\t<div class=\"swiper-slide\" role=\"group\" aria-roledescription=\"slide\" aria-label=\"Carrusel de im\u00e1genes\"><figure class=\"swiper-slide-inner\"><img decoding=\"async\" class=\"swiper-slide-image\" src=\"https:\/\/vocalvircan.com\/wp-content\/uploads\/2023\/12\/DSC_0477-2.jpg\" alt=\"DSC_0477 (2)\" \/><\/figure><\/div><div class=\"swiper-slide\" role=\"group\" aria-roledescription=\"slide\" aria-label=\"Carrusel de im\u00e1genes\"><figure class=\"swiper-slide-inner\"><img decoding=\"async\" class=\"swiper-slide-image\" src=\"https:\/\/vocalvircan.com\/wp-content\/uploads\/2023\/12\/DSC_0509-1.jpg\" alt=\"DSC_0509 (1)\" \/><\/figure><\/div><div class=\"swiper-slide\" role=\"group\" aria-roledescription=\"slide\" aria-label=\"Carrusel de im\u00e1genes\"><figure class=\"swiper-slide-inner\"><img decoding=\"async\" class=\"swiper-slide-image\" src=\"https:\/\/vocalvircan.com\/wp-content\/uploads\/2023\/12\/DSC_0511-1.jpg\" alt=\"DSC_0511 (1)\" \/><\/figure><\/div><div class=\"swiper-slide\" role=\"group\" aria-roledescription=\"slide\" aria-label=\"Carrusel de im\u00e1genes\"><figure class=\"swiper-slide-inner\"><img decoding=\"async\" class=\"swiper-slide-image\" src=\"https:\/\/vocalvircan.com\/wp-content\/uploads\/2023\/12\/DSC_0503-1.jpg\" alt=\"DSC_0503 (1)\" \/><\/figure><\/div><div class=\"swiper-slide\" role=\"group\" aria-roledescription=\"slide\" aria-label=\"Carrusel de im\u00e1genes\"><figure class=\"swiper-slide-inner\"><img decoding=\"async\" class=\"swiper-slide-image\" src=\"https:\/\/vocalvircan.com\/wp-content\/uploads\/2023\/12\/DSC_0506-1.jpg\" alt=\"DSC_0506 (1)\" \/><\/figure><\/div><div class=\"swiper-slide\" role=\"group\" aria-roledescription=\"slide\" aria-label=\"Carrusel de im\u00e1genes\"><figure class=\"swiper-slide-inner\"><img decoding=\"async\" class=\"swiper-slide-image\" src=\"https:\/\/vocalvircan.com\/wp-content\/uploads\/2023\/12\/DSC_0516-1.jpg\" alt=\"DSC_0516 (1)\" \/><\/figure><\/div><div class=\"swiper-slide\" role=\"group\" aria-roledescription=\"slide\" aria-label=\"Carrusel de im\u00e1genes\"><figure class=\"swiper-slide-inner\"><img decoding=\"async\" class=\"swiper-slide-image\" src=\"https:\/\/vocalvircan.com\/wp-content\/uploads\/2023\/12\/DSC_0471-2.jpg\" alt=\"DSC_0471 (2)\" \/><\/figure><\/div><div class=\"swiper-slide\" role=\"group\" aria-roledescription=\"slide\" aria-label=\"Carrusel de im\u00e1genes\"><figure class=\"swiper-slide-inner\"><img decoding=\"async\" class=\"swiper-slide-image\" src=\"https:\/\/vocalvircan.com\/wp-content\/uploads\/2023\/12\/DSC_0467-2.jpg\" alt=\"DSC_0467 (2)\" \/><\/figure><\/div><div class=\"swiper-slide\" role=\"group\" aria-roledescription=\"slide\" aria-label=\"Carrusel de im\u00e1genes\"><figure class=\"swiper-slide-inner\"><img decoding=\"async\" class=\"swiper-slide-image\" src=\"https:\/\/vocalvircan.com\/wp-content\/uploads\/2023\/12\/DSC_0496-1.jpg\" alt=\"DSC_0496 (1)\" \/><\/figure><\/div><div class=\"swiper-slide\" role=\"group\" aria-roledescription=\"slide\" aria-label=\"Carrusel de im\u00e1genes\"><figure class=\"swiper-slide-inner\"><img decoding=\"async\" class=\"swiper-slide-image\" src=\"https:\/\/vocalvircan.com\/wp-content\/uploads\/2023\/12\/DSC_0497-1.jpg\" alt=\"DSC_0497 (1)\" \/><\/figure><\/div><div class=\"swiper-slide\" role=\"group\" aria-roledescription=\"slide\" aria-label=\"Carrusel de im\u00e1genes\"><figure class=\"swiper-slide-inner\"><img decoding=\"async\" class=\"swiper-slide-image\" src=\"https:\/\/vocalvircan.com\/wp-content\/uploads\/2023\/12\/cropped-DSC_0477-2.jpg\" alt=\"cropped-DSC_0477-2.jpg\" \/><\/figure><\/div><div class=\"swiper-slide\" role=\"group\" aria-roledescription=\"slide\" aria-label=\"Carrusel de im\u00e1genes\"><figure class=\"swiper-slide-inner\"><img decoding=\"async\" class=\"swiper-slide-image\" src=\"https:\/\/vocalvircan.com\/wp-content\/uploads\/2023\/12\/DSC_0407-3.jpg\" alt=\"DSC_0407 (3)\" \/><\/figure><\/div><div class=\"swiper-slide\" role=\"group\" aria-roledescription=\"slide\" aria-label=\"Carrusel de im\u00e1genes\"><figure class=\"swiper-slide-inner\"><img decoding=\"async\" class=\"swiper-slide-image\" src=\"https:\/\/vocalvircan.com\/wp-content\/uploads\/2023\/12\/DSC_0058-14.jpg\" alt=\"DSC_0058 (14)\" \/><\/figure><\/div>\t\t\t<\/div>\n\t\t\t\t\t\t\t\t\t\t\t\t<div class=\"elementor-swiper-button elementor-swiper-button-prev\" role=\"button\" tabindex=\"0\">\n\t\t\t\t\t\t<svg aria-hidden=\"true\" class=\"e-font-icon-svg e-eicon-chevron-left\" viewBox=\"0 0 1000 1000\" xmlns=\"http:\/\/www.w3.org\/2000\/svg\"><path d=\"M646 125C629 125 613 133 604 142L308 442C296 454 292 471 292 487 292 504 296 521 308 533L604 854C617 867 629 875 646 875 663 875 679 871 692 858 704 846 713 829 713 812 713 796 708 779 692 767L438 487 692 225C700 217 708 204 708 187 708 171 704 154 692 142 675 129 663 125 646 125Z\"><\/path><\/svg>\t\t\t\t\t<\/div>\n\t\t\t\t\t<div class=\"elementor-swiper-button elementor-swiper-button-next\" role=\"button\" tabindex=\"0\">\n\t\t\t\t\t\t<svg aria-hidden=\"true\" class=\"e-font-icon-svg e-eicon-chevron-right\" viewBox=\"0 0 1000 1000\" xmlns=\"http:\/\/www.w3.org\/2000\/svg\"><path d=\"M696 533C708 521 713 504 713 487 713 471 708 454 696 446L400 146C388 133 375 125 354 125 338 125 325 129 313 142 300 154 292 171 292 187 292 204 296 221 308 233L563 492 304 771C292 783 288 800 288 817 288 833 296 850 308 863 321 871 338 875 354 875 371 875 388 867 400 854L696 533Z\"><\/path><\/svg>\t\t\t\t\t<\/div>\n\t\t\t\t\n\t\t\t\t\t\t\t\t\t<div class=\"swiper-pagination\"><\/div>\n\t\t\t\t\t\t\t\t\t<\/div>\n\t\t\t\t\t\t<\/div>\n\t\t\t\t<\/div>\n\t\t\t\t<\/div>\n\t\t<div class=\"elementor-element elementor-element-5314597 e-flex e-con-boxed e-con e-parent\" data-id=\"5314597\" data-element_type=\"container\">\n\t\t\t\t\t<div class=\"e-con-inner\">\n\t\t\t\t<div class=\"elementor-element elementor-element-2093968 elementor-widget elementor-widget-text-editor\" data-id=\"2093968\" data-element_type=\"widget\" data-widget_type=\"text-editor.default\">\n\t\t\t\t<div class=\"elementor-widget-container\">\n\t\t\t\t\t\t\t\t\t<p>El <b>canto polif\u00f3nico georgiano<\/b> fue declarado como<b> patrimonio inmaterial de la humanidad por la UNESCO <\/b>en 2001.\u00a0<span style=\"font-family: var( --e-global-typography-text-font-family ), Sans-serif; font-weight: var( --e-global-typography-text-font-weight ); text-align: var(--text-align); font-size: 1.125rem;\">Las canciones populares ocupan un sitio primordial en la cultura georgiana.\u00a0Algunos de estos cantos est\u00e1n asociados al cultivo de la vi\u00f1a y se remontan al siglo VIII.\u00a0Se cantaban en todos los \u00e1mbitos de la vida social, desde el trabajo en el campo, celebraciones como bodas,\u00a0 y en himnos lit\u00fargicos bizantinos.<\/span><\/p><p><b>Georgia <\/b>es considerado la<b> cuna del vino<\/b>, el pa\u00eds en el que naci\u00f3 el vino, ya que su viticultura y vinificaci\u00f3n consta de una antig\u00fcedad de m\u00e1s de 8000 a\u00f1os, con 500 cepas aut\u00f3ctonas y 18 DOP actualmente.<\/p><p>Una\u00a0<span style=\"font-family: var( --e-global-typography-text-font-family ), Sans-serif; font-weight: var( --e-global-typography-text-font-weight ); text-align: var(--text-align); font-size: 1.125rem;\">significativa<\/span><span style=\"font-family: var( --e-global-typography-text-font-family ), Sans-serif; font-weight: var( --e-global-typography-text-font-weight ); text-align: var(--text-align); font-size: 1.125rem;\">\u00a0<strong>costumbre<\/strong>\u00a0<\/span><span style=\"font-family: var( --e-global-typography-text-font-family ), Sans-serif; font-weight: var( --e-global-typography-text-font-weight ); text-align: var(--text-align); font-size: 1.125rem;\">asociada a las mesas georgianas son los brindis con el vino llamados &#8216;<strong>supra<\/strong>&#8216;. Es todo un ritual donde cada comensal, empezando por el maestro de ceremonias, propone un <strong>brindis<\/strong> cargado de <strong>buenos deseos<\/strong>, explicando una historia, a veces discurso, o una canci\u00f3n tradicional con un toque personal que puede ser de buen humor y sobre todo de buen coraz\u00f3n.<\/span><\/p><p><strong>Vocal Vircan<\/strong> es un grupo vocal &#8220;<strong>a capella<\/strong>&#8221; ubicado en Catalu\u00f1a con la mitad de sus cantantes de origen georgiano, que realiza conciertos habitualmente en Catalu\u00f1a. Ha sido <strong>reconocido por el ministerio de asuntos exteriores del gobierno de Georgia<\/strong>, invit\u00e1ndole a cantar en un acto de la di\u00e1spora georgiana en diciembre de 2021 en Tiflis (la capital de Georgia).<\/p>\t\t\t\t\t\t\t\t<\/div>\n\t\t\t\t<\/div>\n\t\t\t\t\t<\/div>\n\t\t\t\t<\/div>\n\t\t\t\t<\/div>\n\t\t","protected":false},"excerpt":{"rendered":"<p>Vocal Vircan \u2013 Enoturismo Nuestra m\u00fasica hace que un concierto de Vocal Vircan (con distintos formatos) sea un complemento ideal para una experiencia de enoturismo, aportando un toque de distinci\u00f3n<\/p>\n<p class=\"more-link\"><a href=\"https:\/\/vocalvircan.com\/index.php\/bodegas-y-enoturismo\/\" class=\"readmore\">Continue reading<span class=\"screen-reader-text\">BODEGAS Y ENOTURISMO<\/span><\/a><\/p>\n","protected":false},"author":1,"featured_media":0,"parent":0,"menu_order":0,"comment_status":"closed","ping_status":"closed","template":"","meta":{"footnotes":""},"class_list":["post-306","page","type-page","status-publish","hentry"],"yoast_head":"<!-- This site is optimized with the Yoast SEO plugin v26.5 - https:\/\/yoast.com\/wordpress\/plugins\/seo\/ -->\n<title>BODEGAS Y ENOTURISMO - Vocal Vircan<\/title>\n<meta name=\"robots\" content=\"index, follow, max-snippet:-1, max-image-preview:large, max-video-preview:-1\" \/>\n<link rel=\"canonical\" href=\"https:\/\/vocalvircan.com\/index.php\/bodegas-y-enoturismo\/\" \/>\n<meta property=\"og:locale\" content=\"en_US\" \/>\n<meta property=\"og:type\" content=\"article\" \/>\n<meta property=\"og:title\" content=\"BODEGAS Y ENOTURISMO - Vocal Vircan\" \/>\n<meta property=\"og:description\" content=\"Vocal Vircan \u2013 Enoturismo Nuestra m\u00fasica hace que un concierto de Vocal Vircan (con distintos formatos) sea un complemento ideal para una experiencia de enoturismo, aportando un toque de distinci\u00f3nContinue readingBODEGAS Y ENOTURISMO\" \/>\n<meta property=\"og:url\" content=\"https:\/\/vocalvircan.com\/index.php\/bodegas-y-enoturismo\/\" \/>\n<meta property=\"og:site_name\" content=\"Vocal Vircan\" \/>\n<meta property=\"article:publisher\" content=\"https:\/\/www.facebook.com\/p\/Vocal-Vircan-Msica-Polifnica-Georgiana-61554379576336\/\" \/>\n<meta property=\"article:modified_time\" content=\"2024-02-06T22:33:28+00:00\" \/>\n<meta property=\"og:image\" content=\"http:\/\/vocalvircan.com\/wp-content\/uploads\/2023\/12\/DSC_0477-2.jpg\" \/>\n<meta name=\"twitter:card\" content=\"summary_large_image\" \/>\n<meta name=\"twitter:label1\" content=\"Est. reading time\" \/>\n\t<meta name=\"twitter:data1\" content=\"2 minutes\" \/>\n<script type=\"application\/ld+json\" class=\"yoast-schema-graph\">{\"@context\":\"https:\/\/schema.org\",\"@graph\":[{\"@type\":\"WebPage\",\"@id\":\"https:\/\/vocalvircan.com\/index.php\/bodegas-y-enoturismo\/\",\"url\":\"https:\/\/vocalvircan.com\/index.php\/bodegas-y-enoturismo\/\",\"name\":\"BODEGAS Y ENOTURISMO - Vocal Vircan\",\"isPartOf\":{\"@id\":\"https:\/\/vocalvircan.com\/#website\"},\"primaryImageOfPage\":{\"@id\":\"https:\/\/vocalvircan.com\/index.php\/bodegas-y-enoturismo\/#primaryimage\"},\"image\":{\"@id\":\"https:\/\/vocalvircan.com\/index.php\/bodegas-y-enoturismo\/#primaryimage\"},\"thumbnailUrl\":\"http:\/\/vocalvircan.com\/wp-content\/uploads\/2023\/12\/DSC_0477-2.jpg\",\"datePublished\":\"2023-12-21T17:23:45+00:00\",\"dateModified\":\"2024-02-06T22:33:28+00:00\",\"breadcrumb\":{\"@id\":\"https:\/\/vocalvircan.com\/index.php\/bodegas-y-enoturismo\/#breadcrumb\"},\"inLanguage\":\"en-US\",\"potentialAction\":[{\"@type\":\"ReadAction\",\"target\":[\"https:\/\/vocalvircan.com\/index.php\/bodegas-y-enoturismo\/\"]}]},{\"@type\":\"ImageObject\",\"inLanguage\":\"en-US\",\"@id\":\"https:\/\/vocalvircan.com\/index.php\/bodegas-y-enoturismo\/#primaryimage\",\"url\":\"http:\/\/vocalvircan.com\/wp-content\/uploads\/2023\/12\/DSC_0477-2.jpg\",\"contentUrl\":\"http:\/\/vocalvircan.com\/wp-content\/uploads\/2023\/12\/DSC_0477-2.jpg\"},{\"@type\":\"BreadcrumbList\",\"@id\":\"https:\/\/vocalvircan.com\/index.php\/bodegas-y-enoturismo\/#breadcrumb\",\"itemListElement\":[{\"@type\":\"ListItem\",\"position\":1,\"name\":\"Portada\",\"item\":\"https:\/\/vocalvircan.com\/\"},{\"@type\":\"ListItem\",\"position\":2,\"name\":\"BODEGAS Y ENOTURISMO\"}]},{\"@type\":\"WebSite\",\"@id\":\"https:\/\/vocalvircan.com\/#website\",\"url\":\"https:\/\/vocalvircan.com\/\",\"name\":\"Vocal Vircan\",\"description\":\"M\u00fasica Polif\u00f3nica Georgiana\",\"publisher\":{\"@id\":\"https:\/\/vocalvircan.com\/#organization\"},\"potentialAction\":[{\"@type\":\"SearchAction\",\"target\":{\"@type\":\"EntryPoint\",\"urlTemplate\":\"https:\/\/vocalvircan.com\/?s={search_term_string}\"},\"query-input\":{\"@type\":\"PropertyValueSpecification\",\"valueRequired\":true,\"valueName\":\"search_term_string\"}}],\"inLanguage\":\"en-US\"},{\"@type\":\"Organization\",\"@id\":\"https:\/\/vocalvircan.com\/#organization\",\"name\":\"Vocal Vircan\",\"url\":\"https:\/\/vocalvircan.com\/\",\"logo\":{\"@type\":\"ImageObject\",\"inLanguage\":\"en-US\",\"@id\":\"https:\/\/vocalvircan.com\/#\/schema\/logo\/image\/\",\"url\":\"https:\/\/vocalvircan.com\/wp-content\/uploads\/2023\/12\/Recurso-10X3-e1703174798208.png\",\"contentUrl\":\"https:\/\/vocalvircan.com\/wp-content\/uploads\/2023\/12\/Recurso-10X3-e1703174798208.png\",\"width\":100,\"height\":114,\"caption\":\"Vocal Vircan\"},\"image\":{\"@id\":\"https:\/\/vocalvircan.com\/#\/schema\/logo\/image\/\"},\"sameAs\":[\"https:\/\/www.facebook.com\/p\/Vocal-Vircan-Msica-Polifnica-Georgiana-61554379576336\/\",\"https:\/\/www.instagram.com\/vocalvircan\/?hl=es\"]}]}<\/script>\n<!-- \/ Yoast SEO plugin. -->","yoast_head_json":{"title":"BODEGAS Y ENOTURISMO - Vocal Vircan","robots":{"index":"index","follow":"follow","max-snippet":"max-snippet:-1","max-image-preview":"max-image-preview:large","max-video-preview":"max-video-preview:-1"},"canonical":"https:\/\/vocalvircan.com\/index.php\/bodegas-y-enoturismo\/","og_locale":"en_US","og_type":"article","og_title":"BODEGAS Y ENOTURISMO - Vocal Vircan","og_description":"Vocal Vircan \u2013 Enoturismo Nuestra m\u00fasica hace que un concierto de Vocal Vircan (con distintos formatos) sea un complemento ideal para una experiencia de enoturismo, aportando un toque de distinci\u00f3nContinue readingBODEGAS Y ENOTURISMO","og_url":"https:\/\/vocalvircan.com\/index.php\/bodegas-y-enoturismo\/","og_site_name":"Vocal Vircan","article_publisher":"https:\/\/www.facebook.com\/p\/Vocal-Vircan-Msica-Polifnica-Georgiana-61554379576336\/","article_modified_time":"2024-02-06T22:33:28+00:00","og_image":[{"url":"http:\/\/vocalvircan.com\/wp-content\/uploads\/2023\/12\/DSC_0477-2.jpg","type":"","width":"","height":""}],"twitter_card":"summary_large_image","twitter_misc":{"Est. reading time":"2 minutes"},"schema":{"@context":"https:\/\/schema.org","@graph":[{"@type":"WebPage","@id":"https:\/\/vocalvircan.com\/index.php\/bodegas-y-enoturismo\/","url":"https:\/\/vocalvircan.com\/index.php\/bodegas-y-enoturismo\/","name":"BODEGAS Y ENOTURISMO - Vocal Vircan","isPartOf":{"@id":"https:\/\/vocalvircan.com\/#website"},"primaryImageOfPage":{"@id":"https:\/\/vocalvircan.com\/index.php\/bodegas-y-enoturismo\/#primaryimage"},"image":{"@id":"https:\/\/vocalvircan.com\/index.php\/bodegas-y-enoturismo\/#primaryimage"},"thumbnailUrl":"http:\/\/vocalvircan.com\/wp-content\/uploads\/2023\/12\/DSC_0477-2.jpg","datePublished":"2023-12-21T17:23:45+00:00","dateModified":"2024-02-06T22:33:28+00:00","breadcrumb":{"@id":"https:\/\/vocalvircan.com\/index.php\/bodegas-y-enoturismo\/#breadcrumb"},"inLanguage":"en-US","potentialAction":[{"@type":"ReadAction","target":["https:\/\/vocalvircan.com\/index.php\/bodegas-y-enoturismo\/"]}]},{"@type":"ImageObject","inLanguage":"en-US","@id":"https:\/\/vocalvircan.com\/index.php\/bodegas-y-enoturismo\/#primaryimage","url":"http:\/\/vocalvircan.com\/wp-content\/uploads\/2023\/12\/DSC_0477-2.jpg","contentUrl":"http:\/\/vocalvircan.com\/wp-content\/uploads\/2023\/12\/DSC_0477-2.jpg"},{"@type":"BreadcrumbList","@id":"https:\/\/vocalvircan.com\/index.php\/bodegas-y-enoturismo\/#breadcrumb","itemListElement":[{"@type":"ListItem","position":1,"name":"Portada","item":"https:\/\/vocalvircan.com\/"},{"@type":"ListItem","position":2,"name":"BODEGAS Y ENOTURISMO"}]},{"@type":"WebSite","@id":"https:\/\/vocalvircan.com\/#website","url":"https:\/\/vocalvircan.com\/","name":"Vocal Vircan","description":"M\u00fasica Polif\u00f3nica Georgiana","publisher":{"@id":"https:\/\/vocalvircan.com\/#organization"},"potentialAction":[{"@type":"SearchAction","target":{"@type":"EntryPoint","urlTemplate":"https:\/\/vocalvircan.com\/?s={search_term_string}"},"query-input":{"@type":"PropertyValueSpecification","valueRequired":true,"valueName":"search_term_string"}}],"inLanguage":"en-US"},{"@type":"Organization","@id":"https:\/\/vocalvircan.com\/#organization","name":"Vocal Vircan","url":"https:\/\/vocalvircan.com\/","logo":{"@type":"ImageObject","inLanguage":"en-US","@id":"https:\/\/vocalvircan.com\/#\/schema\/logo\/image\/","url":"https:\/\/vocalvircan.com\/wp-content\/uploads\/2023\/12\/Recurso-10X3-e1703174798208.png","contentUrl":"https:\/\/vocalvircan.com\/wp-content\/uploads\/2023\/12\/Recurso-10X3-e1703174798208.png","width":100,"height":114,"caption":"Vocal Vircan"},"image":{"@id":"https:\/\/vocalvircan.com\/#\/schema\/logo\/image\/"},"sameAs":["https:\/\/www.facebook.com\/p\/Vocal-Vircan-Msica-Polifnica-Georgiana-61554379576336\/","https:\/\/www.instagram.com\/vocalvircan\/?hl=es"]}]}},"_links":{"self":[{"href":"https:\/\/vocalvircan.com\/index.php\/wp-json\/wp\/v2\/pages\/306","targetHints":{"allow":["GET"]}}],"collection":[{"href":"https:\/\/vocalvircan.com\/index.php\/wp-json\/wp\/v2\/pages"}],"about":[{"href":"https:\/\/vocalvircan.com\/index.php\/wp-json\/wp\/v2\/types\/page"}],"author":[{"embeddable":true,"href":"https:\/\/vocalvircan.com\/index.php\/wp-json\/wp\/v2\/users\/1"}],"replies":[{"embeddable":true,"href":"https:\/\/vocalvircan.com\/index.php\/wp-json\/wp\/v2\/comments?post=306"}],"version-history":[{"count":20,"href":"https:\/\/vocalvircan.com\/index.php\/wp-json\/wp\/v2\/pages\/306\/revisions"}],"predecessor-version":[{"id":453,"href":"https:\/\/vocalvircan.com\/index.php\/wp-json\/wp\/v2\/pages\/306\/revisions\/453"}],"wp:attachment":[{"href":"https:\/\/vocalvircan.com\/index.php\/wp-json\/wp\/v2\/media?parent=306"}],"curies":[{"name":"wp","href":"https:\/\/api.w.org\/{rel}","templated":true}]}}