{"id":308,"date":"2023-12-21T17:19:27","date_gmt":"2023-12-21T17:19:27","guid":{"rendered":"https:\/\/vocalvircan.com\/?page_id=308"},"modified":"2024-02-06T22:45:32","modified_gmt":"2024-02-06T22:45:32","slug":"sobre-nosotros","status":"publish","type":"page","link":"https:\/\/vocalvircan.com\/index.php\/sobre-nosotros\/","title":{"rendered":"SOBRE NOSOTROS"},"content":{"rendered":"\t\t<div data-elementor-type=\"wp-page\" data-elementor-id=\"308\" class=\"elementor elementor-308\">\n\t\t\t\t<div class=\"elementor-element elementor-element-4c6d6f8 e-flex e-con-boxed e-con e-parent\" data-id=\"4c6d6f8\" data-element_type=\"container\">\n\t\t\t\t\t<div class=\"e-con-inner\">\n\t\t\t\t<div class=\"elementor-element elementor-element-c9301a3 elementor-widget elementor-widget-text-editor\" data-id=\"c9301a3\" data-element_type=\"widget\" data-widget_type=\"text-editor.default\">\n\t\t\t\t<div class=\"elementor-widget-container\">\n\t\t\t\t\t\t\t\t\t<p>All\u00ed donde terminan las fronteras naturales de Europa, y oriente se funde con occidente, se levantan las oscuras monta\u00f1as del C\u00e1ucaso, una tierra rodeada de leyendas y profundas tradiciones, donde el pasado se resiste a desaparecer.<\/p><p>El <strong>canto polif\u00f3nico georgiano<\/strong> es uno de los m\u00e1s <strong>reconocidos a nivel mundial<\/strong> por su gran versatilidad y peculiaridad, gracias a la diversidad de formas de cantar de las diferentes comunidades georgianas. Hasta el punto de haber sido declarado por la <strong>UNESCO<\/strong> como <strong>Patrimonio Inmaterial de la Humanidad<\/strong> en 2001 y haber sido una de las m\u00fasicas incluidas en el <strong>disco de oro<\/strong> de la sonda espacial &#8220;Voyager 1&#8221;.<\/p><p>Las <strong>canciones populares<\/strong> ocupan un sitio primordial en la cultura georgiana. Algunos de estos cantos se remontan al siglo VIII y se cantaban en todos los \u00e1mbitos de la vida social, desde los trabajos en el campo, diversas celebraciones y ceremonias, hasta los himnos lit\u00fargicos ortodoxos.<\/p><p>Vocal Vircan es un <strong>grupo vocal<\/strong> &#8216;a capella&#8217; de 8 cantantes ubicado en Catalu\u00f1a, con la mitad de sus componentes de origen georgiano y la otra mitad de origen catal\u00e1n. Tambi\u00e9n algunos de sus componentes tocan <strong>instrumentos tradicionales<\/strong> georgianos (panduri, chonduri) en algunas canciones, as\u00ed como guitarra y piano.<\/p><p>El grupo ha desarrollado un amplio repertorio que incluye cantos lit\u00fargicos, canciones urbanas, de folclore y ra\u00edz de las diferentes regiones de Georgia (como Svaneti, Kakheti, Samegrelo &#8230;), que representa una <strong>gran variedad musical y t\u00edmbrica.<\/strong><\/p><p>La formaci\u00f3n se cre\u00f3 en 2020 y ha sido <strong>reconocida por el ministerio de asuntos exteriores del gobierno de Georgia<\/strong>, invit\u00e1ndoles a cantar en el acto de la di\u00e1spora georgiana en diciembre de 2021 en Tiflis (la capital de Georgia). En 2022 Vocal Vircan ha editado su primer <strong>\u00e1lbum<\/strong> grabado en vivo del solo concierto en Barcelona.<\/p>\t\t\t\t\t\t\t\t<\/div>\n\t\t\t\t<\/div>\n\t\t\t\t\t<\/div>\n\t\t\t\t<\/div>\n\t\t\t\t<\/div>\n\t\t","protected":false},"excerpt":{"rendered":"<p>All\u00ed donde terminan las fronteras naturales de Europa, y oriente se funde con occidente, se levantan las oscuras monta\u00f1as del C\u00e1ucaso, una tierra rodeada de leyendas y profundas tradiciones, donde<\/p>\n<p class=\"more-link\"><a href=\"https:\/\/vocalvircan.com\/index.php\/sobre-nosotros\/\" class=\"readmore\">Continue reading<span class=\"screen-reader-text\">SOBRE NOSOTROS<\/span><\/a><\/p>\n","protected":false},"author":1,"featured_media":0,"parent":0,"menu_order":0,"comment_status":"closed","ping_status":"closed","template":"","meta":{"footnotes":""},"class_list":["post-308","page","type-page","status-publish","hentry"],"yoast_head":"<!-- This site is optimized with the Yoast SEO plugin v26.5 - https:\/\/yoast.com\/wordpress\/plugins\/seo\/ -->\n<title>SOBRE NOSOTROS - Vocal Vircan<\/title>\n<meta name=\"robots\" content=\"index, follow, max-snippet:-1, max-image-preview:large, max-video-preview:-1\" \/>\n<link rel=\"canonical\" href=\"https:\/\/vocalvircan.com\/index.php\/sobre-nosotros\/\" \/>\n<meta property=\"og:locale\" content=\"en_US\" \/>\n<meta property=\"og:type\" content=\"article\" \/>\n<meta property=\"og:title\" content=\"SOBRE NOSOTROS - Vocal Vircan\" \/>\n<meta property=\"og:description\" content=\"All\u00ed donde terminan las fronteras naturales de Europa, y oriente se funde con occidente, se levantan las oscuras monta\u00f1as del C\u00e1ucaso, una tierra rodeada de leyendas y profundas tradiciones, dondeContinue readingSOBRE NOSOTROS\" \/>\n<meta property=\"og:url\" content=\"https:\/\/vocalvircan.com\/index.php\/sobre-nosotros\/\" \/>\n<meta property=\"og:site_name\" content=\"Vocal Vircan\" \/>\n<meta property=\"article:publisher\" content=\"https:\/\/www.facebook.com\/p\/Vocal-Vircan-Msica-Polifnica-Georgiana-61554379576336\/\" \/>\n<meta property=\"article:modified_time\" content=\"2024-02-06T22:45:32+00:00\" \/>\n<meta name=\"twitter:card\" content=\"summary_large_image\" \/>\n<meta name=\"twitter:label1\" content=\"Est. reading time\" \/>\n\t<meta name=\"twitter:data1\" content=\"2 minutes\" \/>\n<script type=\"application\/ld+json\" class=\"yoast-schema-graph\">{\"@context\":\"https:\/\/schema.org\",\"@graph\":[{\"@type\":\"WebPage\",\"@id\":\"https:\/\/vocalvircan.com\/index.php\/sobre-nosotros\/\",\"url\":\"https:\/\/vocalvircan.com\/index.php\/sobre-nosotros\/\",\"name\":\"SOBRE NOSOTROS - Vocal Vircan\",\"isPartOf\":{\"@id\":\"https:\/\/vocalvircan.com\/#website\"},\"datePublished\":\"2023-12-21T17:19:27+00:00\",\"dateModified\":\"2024-02-06T22:45:32+00:00\",\"breadcrumb\":{\"@id\":\"https:\/\/vocalvircan.com\/index.php\/sobre-nosotros\/#breadcrumb\"},\"inLanguage\":\"en-US\",\"potentialAction\":[{\"@type\":\"ReadAction\",\"target\":[\"https:\/\/vocalvircan.com\/index.php\/sobre-nosotros\/\"]}]},{\"@type\":\"BreadcrumbList\",\"@id\":\"https:\/\/vocalvircan.com\/index.php\/sobre-nosotros\/#breadcrumb\",\"itemListElement\":[{\"@type\":\"ListItem\",\"position\":1,\"name\":\"Portada\",\"item\":\"https:\/\/vocalvircan.com\/\"},{\"@type\":\"ListItem\",\"position\":2,\"name\":\"SOBRE NOSOTROS\"}]},{\"@type\":\"WebSite\",\"@id\":\"https:\/\/vocalvircan.com\/#website\",\"url\":\"https:\/\/vocalvircan.com\/\",\"name\":\"Vocal Vircan\",\"description\":\"M\u00fasica Polif\u00f3nica Georgiana\",\"publisher\":{\"@id\":\"https:\/\/vocalvircan.com\/#organization\"},\"potentialAction\":[{\"@type\":\"SearchAction\",\"target\":{\"@type\":\"EntryPoint\",\"urlTemplate\":\"https:\/\/vocalvircan.com\/?s={search_term_string}\"},\"query-input\":{\"@type\":\"PropertyValueSpecification\",\"valueRequired\":true,\"valueName\":\"search_term_string\"}}],\"inLanguage\":\"en-US\"},{\"@type\":\"Organization\",\"@id\":\"https:\/\/vocalvircan.com\/#organization\",\"name\":\"Vocal Vircan\",\"url\":\"https:\/\/vocalvircan.com\/\",\"logo\":{\"@type\":\"ImageObject\",\"inLanguage\":\"en-US\",\"@id\":\"https:\/\/vocalvircan.com\/#\/schema\/logo\/image\/\",\"url\":\"https:\/\/vocalvircan.com\/wp-content\/uploads\/2023\/12\/Recurso-10X3-e1703174798208.png\",\"contentUrl\":\"https:\/\/vocalvircan.com\/wp-content\/uploads\/2023\/12\/Recurso-10X3-e1703174798208.png\",\"width\":100,\"height\":114,\"caption\":\"Vocal Vircan\"},\"image\":{\"@id\":\"https:\/\/vocalvircan.com\/#\/schema\/logo\/image\/\"},\"sameAs\":[\"https:\/\/www.facebook.com\/p\/Vocal-Vircan-Msica-Polifnica-Georgiana-61554379576336\/\",\"https:\/\/www.instagram.com\/vocalvircan\/?hl=es\"]}]}<\/script>\n<!-- \/ Yoast SEO plugin. -->","yoast_head_json":{"title":"SOBRE NOSOTROS - Vocal Vircan","robots":{"index":"index","follow":"follow","max-snippet":"max-snippet:-1","max-image-preview":"max-image-preview:large","max-video-preview":"max-video-preview:-1"},"canonical":"https:\/\/vocalvircan.com\/index.php\/sobre-nosotros\/","og_locale":"en_US","og_type":"article","og_title":"SOBRE NOSOTROS - Vocal Vircan","og_description":"All\u00ed donde terminan las fronteras naturales de Europa, y oriente se funde con occidente, se levantan las oscuras monta\u00f1as del C\u00e1ucaso, una tierra rodeada de leyendas y profundas tradiciones, dondeContinue readingSOBRE NOSOTROS","og_url":"https:\/\/vocalvircan.com\/index.php\/sobre-nosotros\/","og_site_name":"Vocal Vircan","article_publisher":"https:\/\/www.facebook.com\/p\/Vocal-Vircan-Msica-Polifnica-Georgiana-61554379576336\/","article_modified_time":"2024-02-06T22:45:32+00:00","twitter_card":"summary_large_image","twitter_misc":{"Est. reading time":"2 minutes"},"schema":{"@context":"https:\/\/schema.org","@graph":[{"@type":"WebPage","@id":"https:\/\/vocalvircan.com\/index.php\/sobre-nosotros\/","url":"https:\/\/vocalvircan.com\/index.php\/sobre-nosotros\/","name":"SOBRE NOSOTROS - Vocal Vircan","isPartOf":{"@id":"https:\/\/vocalvircan.com\/#website"},"datePublished":"2023-12-21T17:19:27+00:00","dateModified":"2024-02-06T22:45:32+00:00","breadcrumb":{"@id":"https:\/\/vocalvircan.com\/index.php\/sobre-nosotros\/#breadcrumb"},"inLanguage":"en-US","potentialAction":[{"@type":"ReadAction","target":["https:\/\/vocalvircan.com\/index.php\/sobre-nosotros\/"]}]},{"@type":"BreadcrumbList","@id":"https:\/\/vocalvircan.com\/index.php\/sobre-nosotros\/#breadcrumb","itemListElement":[{"@type":"ListItem","position":1,"name":"Portada","item":"https:\/\/vocalvircan.com\/"},{"@type":"ListItem","position":2,"name":"SOBRE NOSOTROS"}]},{"@type":"WebSite","@id":"https:\/\/vocalvircan.com\/#website","url":"https:\/\/vocalvircan.com\/","name":"Vocal Vircan","description":"M\u00fasica Polif\u00f3nica Georgiana","publisher":{"@id":"https:\/\/vocalvircan.com\/#organization"},"potentialAction":[{"@type":"SearchAction","target":{"@type":"EntryPoint","urlTemplate":"https:\/\/vocalvircan.com\/?s={search_term_string}"},"query-input":{"@type":"PropertyValueSpecification","valueRequired":true,"valueName":"search_term_string"}}],"inLanguage":"en-US"},{"@type":"Organization","@id":"https:\/\/vocalvircan.com\/#organization","name":"Vocal Vircan","url":"https:\/\/vocalvircan.com\/","logo":{"@type":"ImageObject","inLanguage":"en-US","@id":"https:\/\/vocalvircan.com\/#\/schema\/logo\/image\/","url":"https:\/\/vocalvircan.com\/wp-content\/uploads\/2023\/12\/Recurso-10X3-e1703174798208.png","contentUrl":"https:\/\/vocalvircan.com\/wp-content\/uploads\/2023\/12\/Recurso-10X3-e1703174798208.png","width":100,"height":114,"caption":"Vocal Vircan"},"image":{"@id":"https:\/\/vocalvircan.com\/#\/schema\/logo\/image\/"},"sameAs":["https:\/\/www.facebook.com\/p\/Vocal-Vircan-Msica-Polifnica-Georgiana-61554379576336\/","https:\/\/www.instagram.com\/vocalvircan\/?hl=es"]}]}},"_links":{"self":[{"href":"https:\/\/vocalvircan.com\/index.php\/wp-json\/wp\/v2\/pages\/308","targetHints":{"allow":["GET"]}}],"collection":[{"href":"https:\/\/vocalvircan.com\/index.php\/wp-json\/wp\/v2\/pages"}],"about":[{"href":"https:\/\/vocalvircan.com\/index.php\/wp-json\/wp\/v2\/types\/page"}],"author":[{"embeddable":true,"href":"https:\/\/vocalvircan.com\/index.php\/wp-json\/wp\/v2\/users\/1"}],"replies":[{"embeddable":true,"href":"https:\/\/vocalvircan.com\/index.php\/wp-json\/wp\/v2\/comments?post=308"}],"version-history":[{"count":14,"href":"https:\/\/vocalvircan.com\/index.php\/wp-json\/wp\/v2\/pages\/308\/revisions"}],"predecessor-version":[{"id":465,"href":"https:\/\/vocalvircan.com\/index.php\/wp-json\/wp\/v2\/pages\/308\/revisions\/465"}],"wp:attachment":[{"href":"https:\/\/vocalvircan.com\/index.php\/wp-json\/wp\/v2\/media?parent=308"}],"curies":[{"name":"wp","href":"https:\/\/api.w.org\/{rel}","templated":true}]}}