{"id":661,"date":"2025-07-10T09:47:09","date_gmt":"2025-07-10T09:47:09","guid":{"rendered":"https:\/\/vocalvircan.com\/?page_id=661"},"modified":"2025-07-10T09:52:02","modified_gmt":"2025-07-10T09:52:02","slug":"konzerte","status":"publish","type":"page","link":"https:\/\/vocalvircan.com\/index.php\/de\/konzerte\/","title":{"rendered":"Konzerte"},"content":{"rendered":"\t\t<div data-elementor-type=\"wp-post\" data-elementor-id=\"661\" class=\"elementor elementor-661\">\n\t\t\t\t<div class=\"elementor-element elementor-element-8814fc9 e-flex e-con-boxed e-con e-parent\" data-id=\"8814fc9\" data-element_type=\"container\">\n\t\t\t\t\t<div class=\"e-con-inner\">\n\t\t\t\t<div class=\"elementor-element elementor-element-74f40f8 elementor-widget elementor-widget-text-editor\" data-id=\"74f40f8\" data-element_type=\"widget\" data-widget_type=\"text-editor.default\">\n\t\t\t\t<div class=\"elementor-widget-container\">\n\t\t\t\t\t\t\t\t\t<h1>Vocal Vircan &#8211; Weintourismus<\/h1><p>Unsere Musik macht ein Konzert von Vocal Vircan zur idealen Erg\u00e4nzung eines Weintourismus-Erlebnisses und verleiht ihm einen Hauch von Besonderheit und Einzigartigkeit.<\/p><p>Da wir a capella singen, brauchen wir weder eine B\u00fchne noch eine Beschallungsanlage, sondern k\u00f6nnen unser Konzert an jede Veranstaltung oder Aktivit\u00e4t an den verschiedensten Orten anpassen. Daher kann Vocal Vircan leicht Teil Ihres Weintourismusangebots oder \u00e4hnliches sein.<\/p><p>Dar\u00fcber hinaus bietet Vocal Vircan im Rahmen der georgischen Tradition das beliebte \u201eSupra\u201c-Erlebnis an: ein<\/p><h2>Formate<\/h2><p>Vocal Vircan singt eine breite Palette von Liedern aus dem umfangreichen georgischen Repertoire und bietet so ein reichhaltiges und abwechslungsreiches Musikerlebnis. Bei einigen Liedern kommen au\u00dferdem traditionelle georgische Saiteninstrumente (Panduri und Chonguri), Gitarre, Klavier und traditionelle Perkussion zum Einsatz.<\/p><p>Unsere musikalischen Erlebnisoptionen k\u00f6nnen variieren zwischen:<\/p><ul><li>Demonstration (10 Minuten)<\/li><li>Kurzkonzert (30 Minuten)<\/li><li>Konzert (1 Stunde)<\/li><\/ul><p>Diese Formate sind bei Bedarf anpassbar. Je nach Thema der Veranstaltung k\u00f6nnen wir auch das \u201eSupra\u201c-Ritual in das Erlebnis integrieren.<\/p><p>Kontaktieren Sie uns f\u00fcr weitere Informationen \u00fcber Preise und Bedingungen.<\/p><p>Kontakt: <span \n                data-original-string='r2fEJDTIs\/HXzO6mD3UimA==ec7vhUMbCbqQqUtaCaoMTASLVZayTYJ41CCHfIavAwfrw8='\n                class='apbct-email-encoder'\n                title='This contact has been encoded by Anti-Spam by CleanTalk. Click to decode. To finish the decoding make sure that JavaScript is enabled in your browser.'>ti<span class=\"apbct-blur\">*<\/span>@<span class=\"apbct-blur\">*********<\/span>us.music<\/span><\/p><p>\u00a0<\/p>\t\t\t\t\t\t\t\t<\/div>\n\t\t\t\t<\/div>\n\t\t\t\t\t<\/div>\n\t\t\t\t<\/div>\n\t\t<div class=\"elementor-element elementor-element-1c8450d e-con-full e-flex e-con e-parent\" data-id=\"1c8450d\" data-element_type=\"container\">\n\t\t\t\t<div class=\"elementor-element elementor-element-72c4a0b elementor-arrows-position-inside elementor-pagination-position-outside elementor-invisible elementor-widget elementor-widget-image-carousel\" data-id=\"72c4a0b\" data-element_type=\"widget\" data-settings=\"{&quot;slides_to_show&quot;:&quot;1&quot;,&quot;_animation&quot;:&quot;fadeIn&quot;,&quot;navigation&quot;:&quot;both&quot;,&quot;autoplay&quot;:&quot;yes&quot;,&quot;pause_on_hover&quot;:&quot;yes&quot;,&quot;pause_on_interaction&quot;:&quot;yes&quot;,&quot;autoplay_speed&quot;:5000,&quot;infinite&quot;:&quot;yes&quot;,&quot;effect&quot;:&quot;slide&quot;,&quot;speed&quot;:500}\" data-widget_type=\"image-carousel.default\">\n\t\t\t\t<div class=\"elementor-widget-container\">\n\t\t\t\t\t\t\t<div class=\"elementor-image-carousel-wrapper swiper\" role=\"region\" aria-roledescription=\"carousel\" aria-label=\"Image Carousel\" dir=\"ltr\">\n\t\t\t<div class=\"elementor-image-carousel swiper-wrapper\" aria-live=\"off\">\n\t\t\t\t\t\t\t\t<div class=\"swiper-slide\" role=\"group\" aria-roledescription=\"slide\" aria-label=\"Image Carousel\"><figure class=\"swiper-slide-inner\"><img decoding=\"async\" class=\"swiper-slide-image\" src=\"https:\/\/vocalvircan.com\/wp-content\/uploads\/2023\/12\/DSC_0477-2.jpg\" alt=\"DSC_0477 (2)\" \/><\/figure><\/div><div class=\"swiper-slide\" role=\"group\" aria-roledescription=\"slide\" aria-label=\"Image Carousel\"><figure class=\"swiper-slide-inner\"><img decoding=\"async\" class=\"swiper-slide-image\" src=\"https:\/\/vocalvircan.com\/wp-content\/uploads\/2023\/12\/DSC_0509-1.jpg\" alt=\"DSC_0509 (1)\" \/><\/figure><\/div><div class=\"swiper-slide\" role=\"group\" aria-roledescription=\"slide\" aria-label=\"Image Carousel\"><figure class=\"swiper-slide-inner\"><img decoding=\"async\" class=\"swiper-slide-image\" src=\"https:\/\/vocalvircan.com\/wp-content\/uploads\/2023\/12\/DSC_0511-1.jpg\" alt=\"DSC_0511 (1)\" \/><\/figure><\/div><div class=\"swiper-slide\" role=\"group\" aria-roledescription=\"slide\" aria-label=\"Image Carousel\"><figure class=\"swiper-slide-inner\"><img decoding=\"async\" class=\"swiper-slide-image\" src=\"https:\/\/vocalvircan.com\/wp-content\/uploads\/2023\/12\/DSC_0503-1.jpg\" alt=\"DSC_0503 (1)\" \/><\/figure><\/div><div class=\"swiper-slide\" role=\"group\" aria-roledescription=\"slide\" aria-label=\"Image Carousel\"><figure class=\"swiper-slide-inner\"><img decoding=\"async\" class=\"swiper-slide-image\" src=\"https:\/\/vocalvircan.com\/wp-content\/uploads\/2023\/12\/DSC_0506-1.jpg\" alt=\"DSC_0506 (1)\" \/><\/figure><\/div><div class=\"swiper-slide\" role=\"group\" aria-roledescription=\"slide\" aria-label=\"Image Carousel\"><figure class=\"swiper-slide-inner\"><img decoding=\"async\" class=\"swiper-slide-image\" src=\"https:\/\/vocalvircan.com\/wp-content\/uploads\/2023\/12\/DSC_0516-1.jpg\" alt=\"DSC_0516 (1)\" \/><\/figure><\/div><div class=\"swiper-slide\" role=\"group\" aria-roledescription=\"slide\" aria-label=\"Image Carousel\"><figure class=\"swiper-slide-inner\"><img decoding=\"async\" class=\"swiper-slide-image\" src=\"https:\/\/vocalvircan.com\/wp-content\/uploads\/2023\/12\/DSC_0471-2.jpg\" alt=\"DSC_0471 (2)\" \/><\/figure><\/div><div class=\"swiper-slide\" role=\"group\" aria-roledescription=\"slide\" aria-label=\"Image Carousel\"><figure class=\"swiper-slide-inner\"><img decoding=\"async\" class=\"swiper-slide-image\" src=\"https:\/\/vocalvircan.com\/wp-content\/uploads\/2023\/12\/DSC_0467-2.jpg\" alt=\"DSC_0467 (2)\" \/><\/figure><\/div><div class=\"swiper-slide\" role=\"group\" aria-roledescription=\"slide\" aria-label=\"Image Carousel\"><figure class=\"swiper-slide-inner\"><img decoding=\"async\" class=\"swiper-slide-image\" src=\"https:\/\/vocalvircan.com\/wp-content\/uploads\/2023\/12\/DSC_0496-1.jpg\" alt=\"DSC_0496 (1)\" \/><\/figure><\/div><div class=\"swiper-slide\" role=\"group\" aria-roledescription=\"slide\" aria-label=\"Image Carousel\"><figure class=\"swiper-slide-inner\"><img decoding=\"async\" class=\"swiper-slide-image\" src=\"https:\/\/vocalvircan.com\/wp-content\/uploads\/2023\/12\/DSC_0497-1.jpg\" alt=\"DSC_0497 (1)\" \/><\/figure><\/div><div class=\"swiper-slide\" role=\"group\" aria-roledescription=\"slide\" aria-label=\"Image Carousel\"><figure class=\"swiper-slide-inner\"><img decoding=\"async\" class=\"swiper-slide-image\" src=\"https:\/\/vocalvircan.com\/wp-content\/uploads\/2023\/12\/cropped-DSC_0477-2.jpg\" alt=\"cropped-DSC_0477-2.jpg\" \/><\/figure><\/div><div class=\"swiper-slide\" role=\"group\" aria-roledescription=\"slide\" aria-label=\"Image Carousel\"><figure class=\"swiper-slide-inner\"><img decoding=\"async\" class=\"swiper-slide-image\" src=\"https:\/\/vocalvircan.com\/wp-content\/uploads\/2023\/12\/DSC_0407-3.jpg\" alt=\"DSC_0407 (3)\" \/><\/figure><\/div><div class=\"swiper-slide\" role=\"group\" aria-roledescription=\"slide\" aria-label=\"Image Carousel\"><figure class=\"swiper-slide-inner\"><img decoding=\"async\" class=\"swiper-slide-image\" src=\"https:\/\/vocalvircan.com\/wp-content\/uploads\/2023\/12\/DSC_0058-14.jpg\" alt=\"DSC_0058 (14)\" \/><\/figure><\/div>\t\t\t<\/div>\n\t\t\t\t\t\t\t\t\t\t\t\t<div class=\"elementor-swiper-button elementor-swiper-button-prev\" role=\"button\" tabindex=\"0\">\n\t\t\t\t\t\t<svg aria-hidden=\"true\" class=\"e-font-icon-svg e-eicon-chevron-left\" viewBox=\"0 0 1000 1000\" xmlns=\"http:\/\/www.w3.org\/2000\/svg\"><path d=\"M646 125C629 125 613 133 604 142L308 442C296 454 292 471 292 487 292 504 296 521 308 533L604 854C617 867 629 875 646 875 663 875 679 871 692 858 704 846 713 829 713 812 713 796 708 779 692 767L438 487 692 225C700 217 708 204 708 187 708 171 704 154 692 142 675 129 663 125 646 125Z\"><\/path><\/svg>\t\t\t\t\t<\/div>\n\t\t\t\t\t<div class=\"elementor-swiper-button elementor-swiper-button-next\" role=\"button\" tabindex=\"0\">\n\t\t\t\t\t\t<svg aria-hidden=\"true\" class=\"e-font-icon-svg e-eicon-chevron-right\" viewBox=\"0 0 1000 1000\" xmlns=\"http:\/\/www.w3.org\/2000\/svg\"><path d=\"M696 533C708 521 713 504 713 487 713 471 708 454 696 446L400 146C388 133 375 125 354 125 338 125 325 129 313 142 300 154 292 171 292 187 292 204 296 221 308 233L563 492 304 771C292 783 288 800 288 817 288 833 296 850 308 863 321 871 338 875 354 875 371 875 388 867 400 854L696 533Z\"><\/path><\/svg>\t\t\t\t\t<\/div>\n\t\t\t\t\n\t\t\t\t\t\t\t\t\t<div class=\"swiper-pagination\"><\/div>\n\t\t\t\t\t\t\t\t\t<\/div>\n\t\t\t\t\t\t<\/div>\n\t\t\t\t<\/div>\n\t\t\t\t<\/div>\n\t\t<div class=\"elementor-element elementor-element-5314597 e-flex e-con-boxed e-con e-parent\" data-id=\"5314597\" data-element_type=\"container\">\n\t\t\t\t\t<div class=\"e-con-inner\">\n\t\t\t\t<div class=\"elementor-element elementor-element-2093968 elementor-widget elementor-widget-text-editor\" data-id=\"2093968\" data-element_type=\"widget\" data-widget_type=\"text-editor.default\">\n\t\t\t\t<div class=\"elementor-widget-container\">\n\t\t\t\t\t\t\t\t\t<p>Der georgische mehrstimmige Gesang wurde 2001 von der UNESCO zum Immateriellen Kulturerbe der Menschheit erkl\u00e4rt. Volkslieder nehmen einen zentralen Platz in der georgischen Kultur ein. Einige dieser Lieder stehen im Zusammenhang mit dem Weinanbau und stammen aus dem 8. Jahrhundert. Sie wurden in allen Bereichen des gesellschaftlichen Lebens gesungen, von der Arbeit auf dem Feld bis hin zu Feierlichkeiten wie Hochzeiten und byzantinischen liturgischen Ges\u00e4ngen.<\/p><p>Georgien gilt als die Wiege des Weins, als das Land, in dem der Wein geboren wurde, denn der Weinbau und die Weinherstellung reichen mehr als 8.000 Jahre zur\u00fcck. 500 einheimische Rebsorten und 18 g.U. sind derzeit in Gebrauch.<\/p><p>Ein wichtiger Brauch, der mit georgischen Tischen verbunden ist, ist der Weintoast, der \u201esupra\u201c genannt wird. Dabei handelt es sich um ein Ritual, bei dem jeder Gast, beginnend mit dem Zeremonienmeister, einen Trinkspruch mit guten W\u00fcnschen vortr\u00e4gt, indem er eine Geschichte, manchmal eine Rede oder ein traditionelles Lied mit einer pers\u00f6nlichen Note erz\u00e4hlt, die humorvoll und vor allem herzlich sein kann.<\/p><p>Vocal Vircan ist eine A-cappella-Gesangsgruppe aus Katalonien, deren S\u00e4ngerinnen und S\u00e4nger zur H\u00e4lfte georgischer Herkunft sind und die regelm\u00e4\u00dfig Konzerte in Katalonien gibt. Sie wurde vom Au\u00dfenministerium der georgischen Regierung anerkannt und eingeladen, bei einer Veranstaltung der georgischen Diaspora im Dezember 2021 in Tiflis (der Hauptstadt Georgiens) zu singen.<\/p>\t\t\t\t\t\t\t\t<\/div>\n\t\t\t\t<\/div>\n\t\t\t\t\t<\/div>\n\t\t\t\t<\/div>\n\t\t\t\t<\/div>\n\t\t","protected":false},"excerpt":{"rendered":"<p>Vocal Vircan &#8211; Weintourismus Unsere Musik macht ein Konzert von Vocal Vircan zur idealen Erg\u00e4nzung eines Weintourismus-Erlebnisses und verleiht ihm einen Hauch von Besonderheit und Einzigartigkeit. Da wir a capella<\/p>\n<p class=\"more-link\"><a href=\"https:\/\/vocalvircan.com\/index.php\/de\/konzerte\/\" class=\"readmore\">Continue reading<span class=\"screen-reader-text\">Konzerte<\/span><\/a><\/p>\n","protected":false},"author":2,"featured_media":0,"parent":0,"menu_order":0,"comment_status":"closed","ping_status":"closed","template":"","meta":{"footnotes":""},"class_list":["post-661","page","type-page","status-publish","hentry"],"yoast_head":"<!-- This site is optimized with the Yoast SEO plugin v26.5 - https:\/\/yoast.com\/wordpress\/plugins\/seo\/ -->\n<title>Konzerte - Vocal Vircan<\/title>\n<meta name=\"robots\" content=\"index, follow, max-snippet:-1, max-image-preview:large, max-video-preview:-1\" \/>\n<link rel=\"canonical\" href=\"https:\/\/vocalvircan.com\/index.php\/de\/konzerte\/\" \/>\n<meta property=\"og:locale\" content=\"en_US\" \/>\n<meta property=\"og:type\" content=\"article\" \/>\n<meta property=\"og:title\" content=\"Konzerte - Vocal Vircan\" \/>\n<meta property=\"og:description\" content=\"Vocal Vircan &#8211; Weintourismus Unsere Musik macht ein Konzert von Vocal Vircan zur idealen Erg\u00e4nzung eines Weintourismus-Erlebnisses und verleiht ihm einen Hauch von Besonderheit und Einzigartigkeit. Da wir a capellaContinue readingKonzerte\" \/>\n<meta property=\"og:url\" content=\"https:\/\/vocalvircan.com\/index.php\/de\/konzerte\/\" \/>\n<meta property=\"og:site_name\" content=\"Vocal Vircan\" \/>\n<meta property=\"article:publisher\" content=\"https:\/\/www.facebook.com\/p\/Vocal-Vircan-Msica-Polifnica-Georgiana-61554379576336\/\" \/>\n<meta property=\"article:modified_time\" content=\"2025-07-10T09:52:02+00:00\" \/>\n<meta property=\"og:image\" content=\"http:\/\/vocalvircan.com\/wp-content\/uploads\/2023\/12\/DSC_0477-2.jpg\" \/>\n<meta name=\"twitter:card\" content=\"summary_large_image\" \/>\n<meta name=\"twitter:label1\" content=\"Est. reading time\" \/>\n\t<meta name=\"twitter:data1\" content=\"5 minutes\" \/>\n<script type=\"application\/ld+json\" class=\"yoast-schema-graph\">{\"@context\":\"https:\/\/schema.org\",\"@graph\":[{\"@type\":\"WebPage\",\"@id\":\"https:\/\/vocalvircan.com\/index.php\/de\/konzerte\/\",\"url\":\"https:\/\/vocalvircan.com\/index.php\/de\/konzerte\/\",\"name\":\"Konzerte - Vocal Vircan\",\"isPartOf\":{\"@id\":\"https:\/\/vocalvircan.com\/#website\"},\"primaryImageOfPage\":{\"@id\":\"https:\/\/vocalvircan.com\/index.php\/de\/konzerte\/#primaryimage\"},\"image\":{\"@id\":\"https:\/\/vocalvircan.com\/index.php\/de\/konzerte\/#primaryimage\"},\"thumbnailUrl\":\"http:\/\/vocalvircan.com\/wp-content\/uploads\/2023\/12\/DSC_0477-2.jpg\",\"datePublished\":\"2025-07-10T09:47:09+00:00\",\"dateModified\":\"2025-07-10T09:52:02+00:00\",\"breadcrumb\":{\"@id\":\"https:\/\/vocalvircan.com\/index.php\/de\/konzerte\/#breadcrumb\"},\"inLanguage\":\"en-US\",\"potentialAction\":[{\"@type\":\"ReadAction\",\"target\":[\"https:\/\/vocalvircan.com\/index.php\/de\/konzerte\/\"]}]},{\"@type\":\"ImageObject\",\"inLanguage\":\"en-US\",\"@id\":\"https:\/\/vocalvircan.com\/index.php\/de\/konzerte\/#primaryimage\",\"url\":\"http:\/\/vocalvircan.com\/wp-content\/uploads\/2023\/12\/DSC_0477-2.jpg\",\"contentUrl\":\"http:\/\/vocalvircan.com\/wp-content\/uploads\/2023\/12\/DSC_0477-2.jpg\"},{\"@type\":\"BreadcrumbList\",\"@id\":\"https:\/\/vocalvircan.com\/index.php\/de\/konzerte\/#breadcrumb\",\"itemListElement\":[{\"@type\":\"ListItem\",\"position\":1,\"name\":\"Portada\",\"item\":\"https:\/\/vocalvircan.com\/\"},{\"@type\":\"ListItem\",\"position\":2,\"name\":\"Konzerte\"}]},{\"@type\":\"WebSite\",\"@id\":\"https:\/\/vocalvircan.com\/#website\",\"url\":\"https:\/\/vocalvircan.com\/\",\"name\":\"Vocal Vircan\",\"description\":\"M\u00fasica Polif\u00f3nica Georgiana\",\"publisher\":{\"@id\":\"https:\/\/vocalvircan.com\/#organization\"},\"potentialAction\":[{\"@type\":\"SearchAction\",\"target\":{\"@type\":\"EntryPoint\",\"urlTemplate\":\"https:\/\/vocalvircan.com\/?s={search_term_string}\"},\"query-input\":{\"@type\":\"PropertyValueSpecification\",\"valueRequired\":true,\"valueName\":\"search_term_string\"}}],\"inLanguage\":\"en-US\"},{\"@type\":\"Organization\",\"@id\":\"https:\/\/vocalvircan.com\/#organization\",\"name\":\"Vocal Vircan\",\"url\":\"https:\/\/vocalvircan.com\/\",\"logo\":{\"@type\":\"ImageObject\",\"inLanguage\":\"en-US\",\"@id\":\"https:\/\/vocalvircan.com\/#\/schema\/logo\/image\/\",\"url\":\"https:\/\/vocalvircan.com\/wp-content\/uploads\/2023\/12\/Recurso-10X3-e1703174798208.png\",\"contentUrl\":\"https:\/\/vocalvircan.com\/wp-content\/uploads\/2023\/12\/Recurso-10X3-e1703174798208.png\",\"width\":100,\"height\":114,\"caption\":\"Vocal Vircan\"},\"image\":{\"@id\":\"https:\/\/vocalvircan.com\/#\/schema\/logo\/image\/\"},\"sameAs\":[\"https:\/\/www.facebook.com\/p\/Vocal-Vircan-Msica-Polifnica-Georgiana-61554379576336\/\",\"https:\/\/www.instagram.com\/vocalvircan\/?hl=es\"]}]}<\/script>\n<!-- \/ Yoast SEO plugin. -->","yoast_head_json":{"title":"Konzerte - Vocal Vircan","robots":{"index":"index","follow":"follow","max-snippet":"max-snippet:-1","max-image-preview":"max-image-preview:large","max-video-preview":"max-video-preview:-1"},"canonical":"https:\/\/vocalvircan.com\/index.php\/de\/konzerte\/","og_locale":"en_US","og_type":"article","og_title":"Konzerte - Vocal Vircan","og_description":"Vocal Vircan &#8211; Weintourismus Unsere Musik macht ein Konzert von Vocal Vircan zur idealen Erg\u00e4nzung eines Weintourismus-Erlebnisses und verleiht ihm einen Hauch von Besonderheit und Einzigartigkeit. Da wir a capellaContinue readingKonzerte","og_url":"https:\/\/vocalvircan.com\/index.php\/de\/konzerte\/","og_site_name":"Vocal Vircan","article_publisher":"https:\/\/www.facebook.com\/p\/Vocal-Vircan-Msica-Polifnica-Georgiana-61554379576336\/","article_modified_time":"2025-07-10T09:52:02+00:00","og_image":[{"url":"http:\/\/vocalvircan.com\/wp-content\/uploads\/2023\/12\/DSC_0477-2.jpg","type":"","width":"","height":""}],"twitter_card":"summary_large_image","twitter_misc":{"Est. reading time":"5 minutes"},"schema":{"@context":"https:\/\/schema.org","@graph":[{"@type":"WebPage","@id":"https:\/\/vocalvircan.com\/index.php\/de\/konzerte\/","url":"https:\/\/vocalvircan.com\/index.php\/de\/konzerte\/","name":"Konzerte - Vocal Vircan","isPartOf":{"@id":"https:\/\/vocalvircan.com\/#website"},"primaryImageOfPage":{"@id":"https:\/\/vocalvircan.com\/index.php\/de\/konzerte\/#primaryimage"},"image":{"@id":"https:\/\/vocalvircan.com\/index.php\/de\/konzerte\/#primaryimage"},"thumbnailUrl":"http:\/\/vocalvircan.com\/wp-content\/uploads\/2023\/12\/DSC_0477-2.jpg","datePublished":"2025-07-10T09:47:09+00:00","dateModified":"2025-07-10T09:52:02+00:00","breadcrumb":{"@id":"https:\/\/vocalvircan.com\/index.php\/de\/konzerte\/#breadcrumb"},"inLanguage":"en-US","potentialAction":[{"@type":"ReadAction","target":["https:\/\/vocalvircan.com\/index.php\/de\/konzerte\/"]}]},{"@type":"ImageObject","inLanguage":"en-US","@id":"https:\/\/vocalvircan.com\/index.php\/de\/konzerte\/#primaryimage","url":"http:\/\/vocalvircan.com\/wp-content\/uploads\/2023\/12\/DSC_0477-2.jpg","contentUrl":"http:\/\/vocalvircan.com\/wp-content\/uploads\/2023\/12\/DSC_0477-2.jpg"},{"@type":"BreadcrumbList","@id":"https:\/\/vocalvircan.com\/index.php\/de\/konzerte\/#breadcrumb","itemListElement":[{"@type":"ListItem","position":1,"name":"Portada","item":"https:\/\/vocalvircan.com\/"},{"@type":"ListItem","position":2,"name":"Konzerte"}]},{"@type":"WebSite","@id":"https:\/\/vocalvircan.com\/#website","url":"https:\/\/vocalvircan.com\/","name":"Vocal Vircan","description":"M\u00fasica Polif\u00f3nica Georgiana","publisher":{"@id":"https:\/\/vocalvircan.com\/#organization"},"potentialAction":[{"@type":"SearchAction","target":{"@type":"EntryPoint","urlTemplate":"https:\/\/vocalvircan.com\/?s={search_term_string}"},"query-input":{"@type":"PropertyValueSpecification","valueRequired":true,"valueName":"search_term_string"}}],"inLanguage":"en-US"},{"@type":"Organization","@id":"https:\/\/vocalvircan.com\/#organization","name":"Vocal Vircan","url":"https:\/\/vocalvircan.com\/","logo":{"@type":"ImageObject","inLanguage":"en-US","@id":"https:\/\/vocalvircan.com\/#\/schema\/logo\/image\/","url":"https:\/\/vocalvircan.com\/wp-content\/uploads\/2023\/12\/Recurso-10X3-e1703174798208.png","contentUrl":"https:\/\/vocalvircan.com\/wp-content\/uploads\/2023\/12\/Recurso-10X3-e1703174798208.png","width":100,"height":114,"caption":"Vocal Vircan"},"image":{"@id":"https:\/\/vocalvircan.com\/#\/schema\/logo\/image\/"},"sameAs":["https:\/\/www.facebook.com\/p\/Vocal-Vircan-Msica-Polifnica-Georgiana-61554379576336\/","https:\/\/www.instagram.com\/vocalvircan\/?hl=es"]}]}},"_links":{"self":[{"href":"https:\/\/vocalvircan.com\/index.php\/wp-json\/wp\/v2\/pages\/661","targetHints":{"allow":["GET"]}}],"collection":[{"href":"https:\/\/vocalvircan.com\/index.php\/wp-json\/wp\/v2\/pages"}],"about":[{"href":"https:\/\/vocalvircan.com\/index.php\/wp-json\/wp\/v2\/types\/page"}],"author":[{"embeddable":true,"href":"https:\/\/vocalvircan.com\/index.php\/wp-json\/wp\/v2\/users\/2"}],"replies":[{"embeddable":true,"href":"https:\/\/vocalvircan.com\/index.php\/wp-json\/wp\/v2\/comments?post=661"}],"version-history":[{"count":4,"href":"https:\/\/vocalvircan.com\/index.php\/wp-json\/wp\/v2\/pages\/661\/revisions"}],"predecessor-version":[{"id":665,"href":"https:\/\/vocalvircan.com\/index.php\/wp-json\/wp\/v2\/pages\/661\/revisions\/665"}],"wp:attachment":[{"href":"https:\/\/vocalvircan.com\/index.php\/wp-json\/wp\/v2\/media?parent=661"}],"curies":[{"name":"wp","href":"https:\/\/api.w.org\/{rel}","templated":true}]}}